{"id":2154,"date":"2023-05-18T06:28:59","date_gmt":"2023-05-18T06:28:59","guid":{"rendered":"https:\/\/krosno.com\/beata-szajna\/"},"modified":"2024-11-18T16:20:17","modified_gmt":"2024-11-18T16:20:17","slug":"beata-szajna","status":"publish","type":"page","link":"https:\/\/krosno.com\/en\/glassworks\/designers\/beata-szajna\/","title":{"rendered":"Beata Szajna"},"content":{"rendered":"<style>.kb-row-layout-id_825382-da > .kt-row-column-wrap{align-content:start;}:where(.kb-row-layout-id_825382-da > .kt-row-column-wrap) > .wp-block-kadence-column{justify-content:start;}.kb-row-layout-id_825382-da > .kt-row-column-wrap{column-gap:var(--global-kb-gap-md, 2rem);row-gap:var(--global-kb-gap-md, 2rem);padding-bottom:var(--global-kb-spacing-sm, 1.5rem);grid-template-columns:minmax(0, 40%) minmax(0, 60%);}.kb-row-layout-id_825382-da > .kt-row-layout-overlay{opacity:0.30;}@media all and (max-width: 1024px){.kb-row-layout-id_825382-da > .kt-row-column-wrap{grid-template-columns:repeat(2, minmax(0, 1fr));}}@media all and (max-width: 767px){.kb-row-layout-id_825382-da > .kt-row-column-wrap{grid-template-columns:minmax(0, 1fr);}}<\/style><div class=\"kb-row-layout-wrap kb-row-layout-id_825382-da alignnone wp-block-kadence-rowlayout\"><div class=\"kt-row-column-wrap kt-has-2-columns kt-row-layout-equal kt-tab-layout-inherit kt-mobile-layout-row kt-row-valign-top\">\n<style>.kadence-column_2029d0-e4 > .kt-inside-inner-col,.kadence-column_2029d0-e4 > .kt-inside-inner-col:before{border-top-left-radius:0px;border-top-right-radius:0px;border-bottom-right-radius:0px;border-bottom-left-radius:0px;}.kadence-column_2029d0-e4 > .kt-inside-inner-col{column-gap:var(--global-kb-gap-sm, 1rem);}.kadence-column_2029d0-e4 > .kt-inside-inner-col{flex-direction:column;}.kadence-column_2029d0-e4 > .kt-inside-inner-col > .aligncenter{width:100%;}.kadence-column_2029d0-e4 > .kt-inside-inner-col:before{opacity:0.3;}.kadence-column_2029d0-e4{position:relative;}@media all and (max-width: 1024px){.kadence-column_2029d0-e4 > .kt-inside-inner-col{flex-direction:column;}}@media all and (max-width: 767px){.kadence-column_2029d0-e4 > .kt-inside-inner-col{flex-direction:column;}}<\/style>\n<div class=\"wp-block-kadence-column kadence-column_2029d0-e4\"><div class=\"kt-inside-inner-col\"><style>.kb-image_4c01ad-8f .kb-image-has-overlay:after{opacity:0.3;}<\/style>\n<figure class=\"wp-block-kadence-image kb-image_4c01ad-8f size-large\"><img loading=\"lazy\" decoding=\"async\" width=\"1024\" height=\"844\" src=\"http:\/\/krosno.com\/wp-content\/uploads\/2023\/04\/Beata_info-1024x844.webp\" alt=\"\" class=\"kb-img wp-image-569\" srcset=\"https:\/\/krosno.com\/wp-content\/uploads\/2023\/04\/Beata_info-1024x844.webp 1024w, https:\/\/krosno.com\/wp-content\/uploads\/2023\/04\/Beata_info-300x247.webp 300w, https:\/\/krosno.com\/wp-content\/uploads\/2023\/04\/Beata_info-768x633.webp 768w, https:\/\/krosno.com\/wp-content\/uploads\/2023\/04\/Beata_info.webp 1200w\" sizes=\"auto, (max-width: 1024px) 100vw, 1024px\" \/><\/figure>\n<\/div><\/div>\n\n\n<style>.kadence-column_af150d-0b > .kt-inside-inner-col,.kadence-column_af150d-0b > .kt-inside-inner-col:before{border-top-left-radius:0px;border-top-right-radius:0px;border-bottom-right-radius:0px;border-bottom-left-radius:0px;}.kadence-column_af150d-0b > .kt-inside-inner-col{column-gap:var(--global-kb-gap-sm, 1rem);}.kadence-column_af150d-0b > .kt-inside-inner-col{flex-direction:column;}.kadence-column_af150d-0b > .kt-inside-inner-col > .aligncenter{width:100%;}.kadence-column_af150d-0b > .kt-inside-inner-col:before{opacity:0.3;}.kadence-column_af150d-0b{position:relative;}@media all and (max-width: 1024px){.kadence-column_af150d-0b > .kt-inside-inner-col{flex-direction:column;}}@media all and (max-width: 767px){.kadence-column_af150d-0b > .kt-inside-inner-col{flex-direction:column;}}<\/style>\n<div class=\"wp-block-kadence-column kadence-column_af150d-0b\"><div class=\"kt-inside-inner-col\"><style>.wp-block-kadence-advancedheading.kt-adv-heading_293d78-52, .wp-block-kadence-advancedheading.kt-adv-heading_293d78-52[data-kb-block=\"kb-adv-heading_293d78-52\"]{font-style:normal;}.wp-block-kadence-advancedheading.kt-adv-heading_293d78-52 mark, .wp-block-kadence-advancedheading.kt-adv-heading_293d78-52[data-kb-block=\"kb-adv-heading_293d78-52\"] mark{font-style:normal;color:#f76a0c;padding-top:0px;padding-right:0px;padding-bottom:0px;padding-left:0px;}<\/style>\n<h2 class=\"kt-adv-heading_293d78-52 wp-block-kadence-advancedheading\" data-kb-block=\"kb-adv-heading_293d78-52\">Beata Szajna<\/h2>\n\n\n\n<p>A graduate of the Piotr Micha\u0142owski State Secondary School of Fine Arts in Rzesz\u00f3w and the Faculty of Art at the University of Rzesz\u00f3w. She received her Master of Arts diploma with honours in the Drawing studio under the supervision of Professor Dorota Jajko-Sankowska. She has been associated with the Krosno glassworks for 20 years.<\/p>\n\n\n\n<p>Her original collections and custom-made projects decorate the interiors of customers in Poland and abroad, as the fruits of her work can be found at a number of domestic and international exhibitions.<\/p>\n\n\n\n<p>She is the recipient of numerous distinctions and awards: Laur Konsumenta (Consumer\u2019s Laurel) 2011 distinction for her set of vases and bowls with a horizontal optic, Z\u0142ote Ville 2014 award for her Moly art glass set, or Dobry Design 2015 distinction for her Vinoteca carafe.<\/p>\n\n\n\n<p>The Samara vase designed by her became a key distinguishing feature of KROSNO\u2019s artistic heritage as one of the most popular and most sold products in the first decade of the 21st century.<\/p>\n<\/div><\/div>\n\n<\/div><\/div><style>.wp-block-kadence-advancedheading.kt-adv-heading_a3bfe8-67, .wp-block-kadence-advancedheading.kt-adv-heading_a3bfe8-67[data-kb-block=\"kb-adv-heading_a3bfe8-67\"]{text-align:center;font-style:normal;}.wp-block-kadence-advancedheading.kt-adv-heading_a3bfe8-67 mark, .wp-block-kadence-advancedheading.kt-adv-heading_a3bfe8-67[data-kb-block=\"kb-adv-heading_a3bfe8-67\"] mark{font-style:normal;color:#f76a0c;padding-top:0px;padding-right:0px;padding-bottom:0px;padding-left:0px;}<\/style>\n<h4 class=\"kt-adv-heading_a3bfe8-67 wp-block-kadence-advancedheading\" data-kb-block=\"kb-adv-heading_a3bfe8-67\">See selected projects<\/h4>\n<style>.wp-block-kadence-advancedgallery.kb-gallery-wrap-id-_a5c7cb-3c{margin-bottom:var(--global-kb-spacing-xl, 4rem);}.wp-block-kadence-advancedgallery .kb-gallery-type-grid.kb-gallery-id-_a5c7cb-3c{margin:-5px;}.kb-gallery-type-grid.kb-gallery-id-_a5c7cb-3c .kadence-blocks-gallery-item{padding:5px;}.kb-gallery-id-_a5c7cb-3c .kadence-blocks-gallery-item .kb-gal-image-radius{border-radius:0px 0px 0px 0px;}<\/style><div class=\"kb-gallery-wrap-id-_a5c7cb-3c alignnone wp-block-kadence-advancedgallery\"><ul class=\"kb-gallery-ul kb-gallery-non-static kb-gallery-type-grid kb-gallery-id-_a5c7cb-3c kb-gallery-caption-style-bottom-hover kb-gallery-filter-none\" data-image-filter=\"none\" data-item-selector=\".kadence-blocks-gallery-item\" data-lightbox-caption=\"true\" data-columns-xxl=\"6\" data-columns-xl=\"6\" data-columns-md=\"6\" data-columns-sm=\"4\" data-columns-xs=\"4\" data-columns-ss=\"3\"><li class=\"kadence-blocks-gallery-item\"><div class=\"kadence-blocks-gallery-item-inner\"><figure class=\"kb-gallery-figure kadence-blocks-gallery-item-hide-caption\" \"><div class=\"kb-gal-image-radius\"><div class=\"kb-gallery-image-contain kadence-blocks-gallery-intrinsic kb-gallery-image-ratio-square kb-has-image-ratio-square\" ><img loading=\"lazy\" decoding=\"async\" src=\"http:\/\/krosno.com\/wp-content\/uploads\/2023\/05\/Nepenthes_szklanka-1024x1024.webp\" width=\"1024\" height=\"1024\" alt=\"\" data-full-image=\"http:\/\/krosno.com\/wp-content\/uploads\/2023\/05\/Nepenthes_szklanka.webp\" data-light-image=\"http:\/\/krosno.com\/wp-content\/uploads\/2023\/05\/Nepenthes_szklanka.webp\" data-id=\"1242\" class=\"wp-image-1242\" srcset=\"https:\/\/krosno.com\/wp-content\/uploads\/2023\/05\/Nepenthes_szklanka-1024x1024.webp 1024w, https:\/\/krosno.com\/wp-content\/uploads\/2023\/05\/Nepenthes_szklanka-300x300.webp 300w, https:\/\/krosno.com\/wp-content\/uploads\/2023\/05\/Nepenthes_szklanka-150x150.webp 150w, https:\/\/krosno.com\/wp-content\/uploads\/2023\/05\/Nepenthes_szklanka-768x768.webp 768w, https:\/\/krosno.com\/wp-content\/uploads\/2023\/05\/Nepenthes_szklanka.webp 1260w\" sizes=\"auto, (max-width: 1024px) 100vw, 1024px\" \/><\/div><\/div><\/figure><\/div><\/li><li class=\"kadence-blocks-gallery-item\"><div class=\"kadence-blocks-gallery-item-inner\"><figure class=\"kb-gallery-figure kadence-blocks-gallery-item-hide-caption\" \"><div class=\"kb-gal-image-radius\"><div class=\"kb-gallery-image-contain kadence-blocks-gallery-intrinsic kb-gallery-image-ratio-square kb-has-image-ratio-square\" ><img loading=\"lazy\" decoding=\"async\" src=\"http:\/\/krosno.com\/wp-content\/uploads\/2023\/05\/Nepenthes_wazon-1024x1024.webp\" width=\"1024\" height=\"1024\" alt=\"\" data-full-image=\"http:\/\/krosno.com\/wp-content\/uploads\/2023\/05\/Nepenthes_wazon.webp\" data-light-image=\"http:\/\/krosno.com\/wp-content\/uploads\/2023\/05\/Nepenthes_wazon.webp\" data-id=\"1244\" class=\"wp-image-1244\" srcset=\"https:\/\/krosno.com\/wp-content\/uploads\/2023\/05\/Nepenthes_wazon-1024x1024.webp 1024w, https:\/\/krosno.com\/wp-content\/uploads\/2023\/05\/Nepenthes_wazon-300x300.webp 300w, https:\/\/krosno.com\/wp-content\/uploads\/2023\/05\/Nepenthes_wazon-150x150.webp 150w, https:\/\/krosno.com\/wp-content\/uploads\/2023\/05\/Nepenthes_wazon-768x768.webp 768w, https:\/\/krosno.com\/wp-content\/uploads\/2023\/05\/Nepenthes_wazon.webp 1260w\" sizes=\"auto, (max-width: 1024px) 100vw, 1024px\" \/><\/div><\/div><\/figure><\/div><\/li><li class=\"kadence-blocks-gallery-item\"><div class=\"kadence-blocks-gallery-item-inner\"><figure class=\"kb-gallery-figure kadence-blocks-gallery-item-hide-caption\" \"><div class=\"kb-gal-image-radius\"><div class=\"kb-gallery-image-contain kadence-blocks-gallery-intrinsic kb-gallery-image-ratio-square kb-has-image-ratio-square\" ><img loading=\"lazy\" decoding=\"async\" src=\"http:\/\/krosno.com\/wp-content\/uploads\/2023\/05\/shake_5-1024x1024.webp\" width=\"1024\" height=\"1024\" alt=\"\" data-full-image=\"http:\/\/krosno.com\/wp-content\/uploads\/2023\/05\/shake_5.webp\" data-light-image=\"http:\/\/krosno.com\/wp-content\/uploads\/2023\/05\/shake_5.webp\" data-id=\"1246\" class=\"wp-image-1246\" srcset=\"https:\/\/krosno.com\/wp-content\/uploads\/2023\/05\/shake_5-1024x1024.webp 1024w, https:\/\/krosno.com\/wp-content\/uploads\/2023\/05\/shake_5-300x300.webp 300w, https:\/\/krosno.com\/wp-content\/uploads\/2023\/05\/shake_5-150x150.webp 150w, https:\/\/krosno.com\/wp-content\/uploads\/2023\/05\/shake_5-768x768.webp 768w, https:\/\/krosno.com\/wp-content\/uploads\/2023\/05\/shake_5.webp 1260w\" sizes=\"auto, (max-width: 1024px) 100vw, 1024px\" \/><\/div><\/div><\/figure><\/div><\/li><li class=\"kadence-blocks-gallery-item\"><div class=\"kadence-blocks-gallery-item-inner\"><figure class=\"kb-gallery-figure kadence-blocks-gallery-item-hide-caption\" \"><div class=\"kb-gal-image-radius\"><div class=\"kb-gallery-image-contain kadence-blocks-gallery-intrinsic kb-gallery-image-ratio-square kb-has-image-ratio-square\" ><img loading=\"lazy\" decoding=\"async\" src=\"http:\/\/krosno.com\/wp-content\/uploads\/2023\/05\/shake_7-1024x1024.webp\" width=\"1024\" height=\"1024\" alt=\"\" data-full-image=\"http:\/\/krosno.com\/wp-content\/uploads\/2023\/05\/shake_7.webp\" data-light-image=\"http:\/\/krosno.com\/wp-content\/uploads\/2023\/05\/shake_7.webp\" data-id=\"1248\" class=\"wp-image-1248\" srcset=\"https:\/\/krosno.com\/wp-content\/uploads\/2023\/05\/shake_7-1024x1024.webp 1024w, https:\/\/krosno.com\/wp-content\/uploads\/2023\/05\/shake_7-300x300.webp 300w, https:\/\/krosno.com\/wp-content\/uploads\/2023\/05\/shake_7-150x150.webp 150w, https:\/\/krosno.com\/wp-content\/uploads\/2023\/05\/shake_7-768x768.webp 768w, https:\/\/krosno.com\/wp-content\/uploads\/2023\/05\/shake_7.webp 1260w\" sizes=\"auto, (max-width: 1024px) 100vw, 1024px\" \/><\/div><\/div><\/figure><\/div><\/li><li class=\"kadence-blocks-gallery-item\"><div class=\"kadence-blocks-gallery-item-inner\"><figure class=\"kb-gallery-figure kadence-blocks-gallery-item-hide-caption\" \"><div class=\"kb-gal-image-radius\"><div class=\"kb-gallery-image-contain kadence-blocks-gallery-intrinsic kb-gallery-image-ratio-square kb-has-image-ratio-square\" ><img loading=\"lazy\" decoding=\"async\" src=\"http:\/\/krosno.com\/wp-content\/uploads\/2023\/05\/Synergy_wazon_1-1024x1024.webp\" width=\"1024\" height=\"1024\" alt=\"\" data-full-image=\"http:\/\/krosno.com\/wp-content\/uploads\/2023\/05\/Synergy_wazon_1.webp\" data-light-image=\"http:\/\/krosno.com\/wp-content\/uploads\/2023\/05\/Synergy_wazon_1.webp\" data-id=\"1250\" class=\"wp-image-1250\" srcset=\"https:\/\/krosno.com\/wp-content\/uploads\/2023\/05\/Synergy_wazon_1-1024x1024.webp 1024w, https:\/\/krosno.com\/wp-content\/uploads\/2023\/05\/Synergy_wazon_1-300x300.webp 300w, https:\/\/krosno.com\/wp-content\/uploads\/2023\/05\/Synergy_wazon_1-150x150.webp 150w, https:\/\/krosno.com\/wp-content\/uploads\/2023\/05\/Synergy_wazon_1-768x768.webp 768w, https:\/\/krosno.com\/wp-content\/uploads\/2023\/05\/Synergy_wazon_1.webp 1260w\" sizes=\"auto, (max-width: 1024px) 100vw, 1024px\" \/><\/div><\/div><\/figure><\/div><\/li><li class=\"kadence-blocks-gallery-item\"><div class=\"kadence-blocks-gallery-item-inner\"><figure class=\"kb-gallery-figure kadence-blocks-gallery-item-hide-caption\" \"><div class=\"kb-gal-image-radius\"><div class=\"kb-gallery-image-contain kadence-blocks-gallery-intrinsic kb-gallery-image-ratio-square kb-has-image-ratio-square\" ><img loading=\"lazy\" decoding=\"async\" src=\"http:\/\/krosno.com\/wp-content\/uploads\/2023\/05\/Synergy_wazon_2-1024x1024.webp\" width=\"1024\" height=\"1024\" alt=\"\" data-full-image=\"http:\/\/krosno.com\/wp-content\/uploads\/2023\/05\/Synergy_wazon_2.webp\" data-light-image=\"http:\/\/krosno.com\/wp-content\/uploads\/2023\/05\/Synergy_wazon_2.webp\" data-id=\"1252\" class=\"wp-image-1252\" srcset=\"https:\/\/krosno.com\/wp-content\/uploads\/2023\/05\/Synergy_wazon_2-1024x1024.webp 1024w, https:\/\/krosno.com\/wp-content\/uploads\/2023\/05\/Synergy_wazon_2-300x300.webp 300w, https:\/\/krosno.com\/wp-content\/uploads\/2023\/05\/Synergy_wazon_2-150x150.webp 150w, https:\/\/krosno.com\/wp-content\/uploads\/2023\/05\/Synergy_wazon_2-768x768.webp 768w, https:\/\/krosno.com\/wp-content\/uploads\/2023\/05\/Synergy_wazon_2.webp 1260w\" sizes=\"auto, (max-width: 1024px) 100vw, 1024px\" \/><\/div><\/div><\/figure><\/div><\/li><\/ul><\/div>","protected":false},"excerpt":{"rendered":"<p>Beata Szajna A graduate of the Piotr Micha\u0142owski State Secondary School of Fine Arts in Rzesz\u00f3w and the Faculty of Art at the University of Rzesz\u00f3w. She received her Master of Arts diploma with honours in the Drawing studio under the supervision of Professor Dorota Jajko-Sankowska. She has been associated with the Krosno glassworks for&#8230;<\/p>\n","protected":false},"author":1,"featured_media":0,"parent":2270,"menu_order":0,"comment_status":"closed","ping_status":"closed","template":"","meta":{"_kad_blocks_custom_css":"","_kad_blocks_head_custom_js":"","_kad_blocks_body_custom_js":"","_kad_blocks_footer_custom_js":"","_kad_post_transparent":"","_kad_post_title":"","_kad_post_layout":"","_kad_post_sidebar_id":"","_kad_post_content_style":"","_kad_post_vertical_padding":"","_kad_post_feature":"","_kad_post_feature_position":"","_kad_post_header":false,"_kad_post_footer":false,"footnotes":""},"class_list":["post-2154","page","type-page","status-publish","hentry"],"acf":[],"yoast_head":"<!-- This site is optimized with the Yoast SEO plugin v21.6 - https:\/\/yoast.com\/wordpress\/plugins\/seo\/ -->\n<title>Beata Szajna - Krosno Glass S.A.<\/title>\n<meta name=\"robots\" content=\"index, follow, max-snippet:-1, max-image-preview:large, max-video-preview:-1\" \/>\n<link rel=\"canonical\" href=\"https:\/\/krosno.com\/en\/glassworks\/designers\/beata-szajna\/\" \/>\n<meta property=\"og:locale\" content=\"en_US\" \/>\n<meta property=\"og:type\" content=\"article\" \/>\n<meta property=\"og:title\" content=\"Beata Szajna - Krosno Glass S.A.\" \/>\n<meta property=\"og:description\" content=\"Beata Szajna A graduate of the Piotr Micha\u0142owski State Secondary School of Fine Arts in Rzesz\u00f3w and the Faculty of Art at the University of Rzesz\u00f3w. She received her Master of Arts diploma with honours in the Drawing studio under the supervision of Professor Dorota Jajko-Sankowska. She has been associated with the Krosno glassworks for...\" \/>\n<meta property=\"og:url\" content=\"https:\/\/krosno.com\/en\/glassworks\/designers\/beata-szajna\/\" \/>\n<meta property=\"og:site_name\" content=\"Krosno Glass S.A.\" \/>\n<meta property=\"article:publisher\" content=\"https:\/\/www.facebook.com\/krosnoglasspl\" \/>\n<meta property=\"article:modified_time\" content=\"2024-11-18T16:20:17+00:00\" \/>\n<meta property=\"og:image\" content=\"http:\/\/krosno.com\/wp-content\/uploads\/2023\/04\/Beata_info-1024x844.webp\" \/>\n<meta name=\"twitter:card\" content=\"summary_large_image\" \/>\n<meta name=\"twitter:label1\" content=\"Est. reading time\" \/>\n\t<meta name=\"twitter:data1\" content=\"1 minute\" \/>\n<script type=\"application\/ld+json\" class=\"yoast-schema-graph\">{\"@context\":\"https:\/\/schema.org\",\"@graph\":[{\"@type\":\"WebPage\",\"@id\":\"https:\/\/krosno.com\/en\/glassworks\/designers\/beata-szajna\/\",\"url\":\"https:\/\/krosno.com\/en\/glassworks\/designers\/beata-szajna\/\",\"name\":\"Beata Szajna - Krosno Glass S.A.\",\"isPartOf\":{\"@id\":\"https:\/\/krosno.com\/en\/#website\"},\"datePublished\":\"2023-05-18T06:28:59+00:00\",\"dateModified\":\"2024-11-18T16:20:17+00:00\",\"breadcrumb\":{\"@id\":\"https:\/\/krosno.com\/en\/glassworks\/designers\/beata-szajna\/#breadcrumb\"},\"inLanguage\":\"en-US\",\"potentialAction\":[{\"@type\":\"ReadAction\",\"target\":[\"https:\/\/krosno.com\/en\/glassworks\/designers\/beata-szajna\/\"]}]},{\"@type\":\"BreadcrumbList\",\"@id\":\"https:\/\/krosno.com\/en\/glassworks\/designers\/beata-szajna\/#breadcrumb\",\"itemListElement\":[{\"@type\":\"ListItem\",\"position\":1,\"name\":\"Strona g\u0142\u00f3wna\",\"item\":\"https:\/\/krosno.com\/en\/\"},{\"@type\":\"ListItem\",\"position\":2,\"name\":\"Glassworks\",\"item\":\"https:\/\/krosno.com\/en\/glassworks\/\"},{\"@type\":\"ListItem\",\"position\":3,\"name\":\"Krosno designers\",\"item\":\"https:\/\/krosno.com\/en\/glassworks\/designers\/\"},{\"@type\":\"ListItem\",\"position\":4,\"name\":\"Beata Szajna\"}]},{\"@type\":\"WebSite\",\"@id\":\"https:\/\/krosno.com\/en\/#website\",\"url\":\"https:\/\/krosno.com\/en\/\",\"name\":\"Krosno Glass S.A.\",\"description\":\"Krosno Glass S.A.\",\"publisher\":{\"@id\":\"https:\/\/krosno.com\/en\/#organization\"},\"potentialAction\":[{\"@type\":\"SearchAction\",\"target\":{\"@type\":\"EntryPoint\",\"urlTemplate\":\"https:\/\/krosno.com\/en\/?s={search_term_string}\"},\"query-input\":\"required name=search_term_string\"}],\"inLanguage\":\"en-US\"},{\"@type\":\"Organization\",\"@id\":\"https:\/\/krosno.com\/en\/#organization\",\"name\":\"Krosno Glass S.A.\",\"url\":\"https:\/\/krosno.com\/en\/\",\"logo\":{\"@type\":\"ImageObject\",\"inLanguage\":\"en-US\",\"@id\":\"https:\/\/krosno.com\/en\/#\/schema\/logo\/image\/\",\"url\":\"https:\/\/krosno.com\/wp-content\/uploads\/2023\/04\/logo-krosno-2x.webp\",\"contentUrl\":\"https:\/\/krosno.com\/wp-content\/uploads\/2023\/04\/logo-krosno-2x.webp\",\"width\":504,\"height\":212,\"caption\":\"Krosno Glass S.A.\"},\"image\":{\"@id\":\"https:\/\/krosno.com\/en\/#\/schema\/logo\/image\/\"},\"sameAs\":[\"https:\/\/www.facebook.com\/krosnoglasspl\",\"https:\/\/www.instagram.com\/krosnoglass\/\",\"https:\/\/www.linkedin.com\/company\/krosnoglass\/\"]}]}<\/script>\n<!-- \/ Yoast SEO plugin. -->","yoast_head_json":{"title":"Beata Szajna - Krosno Glass S.A.","robots":{"index":"index","follow":"follow","max-snippet":"max-snippet:-1","max-image-preview":"max-image-preview:large","max-video-preview":"max-video-preview:-1"},"canonical":"https:\/\/krosno.com\/en\/glassworks\/designers\/beata-szajna\/","og_locale":"en_US","og_type":"article","og_title":"Beata Szajna - Krosno Glass S.A.","og_description":"Beata Szajna A graduate of the Piotr Micha\u0142owski State Secondary School of Fine Arts in Rzesz\u00f3w and the Faculty of Art at the University of Rzesz\u00f3w. She received her Master of Arts diploma with honours in the Drawing studio under the supervision of Professor Dorota Jajko-Sankowska. She has been associated with the Krosno glassworks for...","og_url":"https:\/\/krosno.com\/en\/glassworks\/designers\/beata-szajna\/","og_site_name":"Krosno Glass S.A.","article_publisher":"https:\/\/www.facebook.com\/krosnoglasspl","article_modified_time":"2024-11-18T16:20:17+00:00","og_image":[{"url":"http:\/\/krosno.com\/wp-content\/uploads\/2023\/04\/Beata_info-1024x844.webp"}],"twitter_card":"summary_large_image","twitter_misc":{"Est. reading time":"1 minute"},"schema":{"@context":"https:\/\/schema.org","@graph":[{"@type":"WebPage","@id":"https:\/\/krosno.com\/en\/glassworks\/designers\/beata-szajna\/","url":"https:\/\/krosno.com\/en\/glassworks\/designers\/beata-szajna\/","name":"Beata Szajna - Krosno Glass S.A.","isPartOf":{"@id":"https:\/\/krosno.com\/en\/#website"},"datePublished":"2023-05-18T06:28:59+00:00","dateModified":"2024-11-18T16:20:17+00:00","breadcrumb":{"@id":"https:\/\/krosno.com\/en\/glassworks\/designers\/beata-szajna\/#breadcrumb"},"inLanguage":"en-US","potentialAction":[{"@type":"ReadAction","target":["https:\/\/krosno.com\/en\/glassworks\/designers\/beata-szajna\/"]}]},{"@type":"BreadcrumbList","@id":"https:\/\/krosno.com\/en\/glassworks\/designers\/beata-szajna\/#breadcrumb","itemListElement":[{"@type":"ListItem","position":1,"name":"Strona g\u0142\u00f3wna","item":"https:\/\/krosno.com\/en\/"},{"@type":"ListItem","position":2,"name":"Glassworks","item":"https:\/\/krosno.com\/en\/glassworks\/"},{"@type":"ListItem","position":3,"name":"Krosno designers","item":"https:\/\/krosno.com\/en\/glassworks\/designers\/"},{"@type":"ListItem","position":4,"name":"Beata Szajna"}]},{"@type":"WebSite","@id":"https:\/\/krosno.com\/en\/#website","url":"https:\/\/krosno.com\/en\/","name":"Krosno Glass S.A.","description":"Krosno Glass S.A.","publisher":{"@id":"https:\/\/krosno.com\/en\/#organization"},"potentialAction":[{"@type":"SearchAction","target":{"@type":"EntryPoint","urlTemplate":"https:\/\/krosno.com\/en\/?s={search_term_string}"},"query-input":"required name=search_term_string"}],"inLanguage":"en-US"},{"@type":"Organization","@id":"https:\/\/krosno.com\/en\/#organization","name":"Krosno Glass S.A.","url":"https:\/\/krosno.com\/en\/","logo":{"@type":"ImageObject","inLanguage":"en-US","@id":"https:\/\/krosno.com\/en\/#\/schema\/logo\/image\/","url":"https:\/\/krosno.com\/wp-content\/uploads\/2023\/04\/logo-krosno-2x.webp","contentUrl":"https:\/\/krosno.com\/wp-content\/uploads\/2023\/04\/logo-krosno-2x.webp","width":504,"height":212,"caption":"Krosno Glass S.A."},"image":{"@id":"https:\/\/krosno.com\/en\/#\/schema\/logo\/image\/"},"sameAs":["https:\/\/www.facebook.com\/krosnoglasspl","https:\/\/www.instagram.com\/krosnoglass\/","https:\/\/www.linkedin.com\/company\/krosnoglass\/"]}]}},"taxonomy_info":[],"featured_image_src_large":false,"author_info":{"display_name":"admin","author_link":"https:\/\/krosno.com\/en\/author\/admin\/"},"comment_info":0,"_links":{"self":[{"href":"https:\/\/krosno.com\/en\/wp-json\/wp\/v2\/pages\/2154","targetHints":{"allow":["GET"]}}],"collection":[{"href":"https:\/\/krosno.com\/en\/wp-json\/wp\/v2\/pages"}],"about":[{"href":"https:\/\/krosno.com\/en\/wp-json\/wp\/v2\/types\/page"}],"author":[{"embeddable":true,"href":"https:\/\/krosno.com\/en\/wp-json\/wp\/v2\/users\/1"}],"replies":[{"embeddable":true,"href":"https:\/\/krosno.com\/en\/wp-json\/wp\/v2\/comments?post=2154"}],"version-history":[{"count":6,"href":"https:\/\/krosno.com\/en\/wp-json\/wp\/v2\/pages\/2154\/revisions"}],"predecessor-version":[{"id":3638,"href":"https:\/\/krosno.com\/en\/wp-json\/wp\/v2\/pages\/2154\/revisions\/3638"}],"up":[{"embeddable":true,"href":"https:\/\/krosno.com\/en\/wp-json\/wp\/v2\/pages\/2270"}],"wp:attachment":[{"href":"https:\/\/krosno.com\/en\/wp-json\/wp\/v2\/media?parent=2154"}],"curies":[{"name":"wp","href":"https:\/\/api.w.org\/{rel}","templated":true}]}}